{"id":407,"date":"2016-02-03T13:25:19","date_gmt":"2016-02-03T13:25:19","guid":{"rendered":"http:\/\/keysoft-wp.themetek.com\/?page_id=2"},"modified":"2016-07-30T15:18:38","modified_gmt":"2016-07-30T15:18:38","slug":"impressum","status":"publish","type":"page","link":"https:\/\/www.die-finanz-app.de\/de\/impressum\/","title":{"rendered":"Impressum"},"content":{"rendered":"<h3>Impressum &#8211; Finanzmanager24<\/h3>\n<h4>Verantwortlich f\u00fcr den Inhalt dieser Homepage ist:<\/h4>\n<p>&nbsp;<\/p>\n<p>Finanzmanager24<\/p>\n<p>Ringstrasse 10<\/p>\n<p>06317 L\u00fcttchendorf<\/p>\n<p>Telefon: +49 3212 12 20 233<\/p>\n<p>Telefax: +49 3212 12 20 233<\/p>\n<p>E-Mail: info@finanzmanager24.de<\/p>\n<p>Internet: www.finanzmanager24.de<\/p>\n<p>&nbsp;<\/p>\n<p>Versicherungsmakler \u00a793 HGB mit Erlaubnis \u00a734c (GewO)<\/p>\n<p>&nbsp;<\/p>\n<p>IHK Registrierungsnummer D-HJOD-350TN-42<\/p>\n<p>&nbsp;<\/p>\n<p>Umsatzsteuer-Identifikationsnummer gem\u00e4\u00df \u00a7 27 a Umsatzsteuergesetz: DE 140016697<\/p>\n<p>&nbsp;<\/p>\n<p>Inhaltlich Verantwortlicher gem\u00e4\u00df \u00a7 10 Absatz 3 MDStV: Dirk Wedler (Anschrift wie oben)<\/p>\n<p>&nbsp;<\/p>\n<p>Haftungshinweis: Trotz sorgf\u00e4ltiger inhaltlicher Kontrolle \u00fcbernehmen wir keine Haftung f\u00fcr die Inhalte externer Links. F\u00fcr den Inhalt der verlinkten Seiten sind ausschlie\u00dflich deren Betreiber verantwortlich.<\/p>\n<p>&nbsp;<\/p>\n<p>Angaben zu den Informationspflichten nach \u00a7 11 VersVermV:<\/p>\n<h4>Beteiligungsklausel:<\/h4>\n<p>&nbsp;<\/p>\n<p>Der Makler h\u00e4lt keine unmittelbare oder mittelbare Beteiligung von mehr als 10 % der Stimmrechte oder des Kapitals an einem Versicherungsunternehmen.<\/p>\n<p>&nbsp;<\/p>\n<h4>Unabh\u00e4ngigkeitsklausel:<\/h4>\n<p>&nbsp;<\/p>\n<p>Ein Versicherungsunternehmen h\u00e4lt keine mittelbare oder unmittelbare Beteiligung von mehr als 10 % der Stimmrechte oder des Kapitals am Versicherungsmakler.<\/p>\n<p>&nbsp;<\/p>\n<h4>Beschwerdestellen &#8211; au\u00dfergerichtliche Streitbeilegung<\/h4>\n<p>&nbsp;<\/p>\n<p>Schlichtungsstellen:<\/p>\n<p>&nbsp;<\/p>\n<p>Versicherungsombudsmann e.V.<\/p>\n<p>Postfach 08 06 32<\/p>\n<p>10006 Berlin<\/p>\n<p>www.versicherungsombudsmann.de<\/p>\n<p>&nbsp;<\/p>\n<p>Ombudsmann f\u00fcr die private Kranken- und Pflegeversicherung<\/p>\n<p>&nbsp;<\/p>\n<p>Kronenstrasse 13<\/p>\n<p>10117 Berlin<\/p>\n<p>www.pkv-ombudsmann.de<\/p>\n<p>&nbsp;<\/p>\n<p>Bundesanstalt f\u00fcr Finanzdienstleistungsaufsicht (BAFin) Graurheindorfer Stra\u00dfe 108 53117 Bonn (weitere Informationen unter: www.bafin.de [Stichwort: Ombudsleute Haftung<\/p>\n<p>&nbsp;<\/p>\n<p>Der Makler erf\u00fcllt seine Verpflichtungen mit der Sorgfalt eines ordentlichen Kaufmanns. Die Haftung f\u00fcr die Verletzung beruflicher Sorgfaltspflichten ist auf eine Million Euro beschr\u00e4nkt, es sei denn, der Makler hat seine Pflichten vors\u00e4tzlich oder grob fahrl\u00e4ssig verletzt.<\/p>\n<p>&nbsp;<\/p>\n<p>Finanzmanager24 haftet weder f\u00fcr direkte noch indirekte Sch\u00e4den, die durch die Nutzung der Informationen oder Daten entstehen, die auf dieser Webseite zu finden sind. Rechte und Pflichten zwischen uns und dem einzelnen Nutzer der Webseite oder Dritten bestehen nicht.<\/p>\n<p>&nbsp;<\/p>\n<p>&nbsp;<\/p>\n<p>&nbsp;<\/p>\n","protected":false},"excerpt":{"rendered":"<p>Impressum &#8211; Finanzmanager24 Verantwortlich f\u00fcr den Inhalt dieser Homepage ist: &nbsp; Finanzmanager24 Ringstrasse 10 06317 L\u00fcttchendorf Telefon: +49 3212 12 20 233 Telefax: +49 3212 12 20 233 E-Mail: info@finanzmanager24.de Internet: www.finanzmanager24.de &nbsp; Versicherungsmakler \u00a793 HGB mit Erlaubnis \u00a734c (GewO) &nbsp; IHK Registrierungsnummer D-HJOD-350TN-42 &nbsp; Umsatzsteuer-Identifikationsnummer gem\u00e4\u00df \u00a7 27 a Umsatzsteuergesetz: DE 140016697 &nbsp; Inhaltlich [&hellip;]<\/p>\n","protected":false},"author":1,"featured_media":0,"parent":0,"menu_order":0,"comment_status":"closed","ping_status":"open","template":"","meta":{"jetpack_post_was_ever_published":false,"footnotes":""},"class_list":["post-407","page","type-page","status-publish","hentry"],"yoast_head":"<!-- This site is optimized with the Yoast SEO Premium plugin v15.0 - https:\/\/yoast.com\/wordpress\/plugins\/seo\/ -->\n<title>Die Finanz App | Impressum<\/title>\n<meta name=\"description\" content=\"Die Finanz App, das Impressum und Kontaktdaten.\" \/>\n<meta name=\"robots\" content=\"index, follow, max-snippet:-1, max-image-preview:large, max-video-preview:-1\" \/>\n<link rel=\"canonical\" href=\"https:\/\/www.die-finanz-app.de\/de\/impressum\/\" \/>\n<meta property=\"og:locale\" content=\"de_DE\" \/>\n<meta property=\"og:type\" content=\"article\" \/>\n<meta property=\"og:title\" content=\"Die Finanz App | Impressum\" \/>\n<meta property=\"og:description\" content=\"Die Finanz App, das Impressum und Kontaktdaten.\" \/>\n<meta property=\"og:url\" content=\"https:\/\/www.die-finanz-app.de\/de\/impressum\/\" \/>\n<meta property=\"og:site_name\" content=\"Die Finanz App\" \/>\n<meta property=\"article:publisher\" content=\"https:\/\/www.facebook.com\/Die-Finanz-App-650475595129373\/\" \/>\n<meta property=\"article:modified_time\" content=\"2016-07-30T15:18:38+00:00\" \/>\n<meta property=\"og:image\" content=\"http:\/\/www.die-finanz-app.de\/de\/wp-content\/uploads\/2016\/05\/mobil.png\" \/>\n<meta name=\"twitter:card\" content=\"summary_large_image\" \/>\n<meta name=\"twitter:creator\" content=\"@FinanzApp\" \/>\n<meta name=\"twitter:site\" content=\"@FinanzApp\" \/>\n<script type=\"application\/ld+json\" class=\"yoast-schema-graph\">{\"@context\":\"https:\/\/schema.org\",\"@graph\":[{\"@type\":\"WebSite\",\"@id\":\"https:\/\/www.die-finanz-app.de\/de\/#website\",\"url\":\"https:\/\/www.die-finanz-app.de\/de\/\",\"name\":\"Die Finanz App\",\"description\":\"News und Informationen zur FinanzAPP - Versicherungen einfach online verwalten\",\"potentialAction\":[{\"@type\":\"SearchAction\",\"target\":\"https:\/\/www.die-finanz-app.de\/de\/?s={search_term_string}\",\"query-input\":\"required name=search_term_string\"}],\"inLanguage\":\"de\"},{\"@type\":\"WebPage\",\"@id\":\"https:\/\/www.die-finanz-app.de\/de\/impressum\/#webpage\",\"url\":\"https:\/\/www.die-finanz-app.de\/de\/impressum\/\",\"name\":\"Die Finanz App | Impressum\",\"isPartOf\":{\"@id\":\"https:\/\/www.die-finanz-app.de\/de\/#website\"},\"datePublished\":\"2016-02-03T13:25:19+00:00\",\"dateModified\":\"2016-07-30T15:18:38+00:00\",\"description\":\"Die Finanz App, das Impressum und Kontaktdaten.\",\"inLanguage\":\"de\",\"potentialAction\":[{\"@type\":\"ReadAction\",\"target\":[\"https:\/\/www.die-finanz-app.de\/de\/impressum\/\"]}]}]}<\/script>\n<!-- \/ Yoast SEO Premium plugin. -->","jetpack_sharing_enabled":true,"jetpack_shortlink":"https:\/\/wp.me\/P7LSt3-6z","_links":{"self":[{"href":"https:\/\/www.die-finanz-app.de\/de\/wp-json\/wp\/v2\/pages\/407","targetHints":{"allow":["GET"]}}],"collection":[{"href":"https:\/\/www.die-finanz-app.de\/de\/wp-json\/wp\/v2\/pages"}],"about":[{"href":"https:\/\/www.die-finanz-app.de\/de\/wp-json\/wp\/v2\/types\/page"}],"author":[{"embeddable":true,"href":"https:\/\/www.die-finanz-app.de\/de\/wp-json\/wp\/v2\/users\/1"}],"replies":[{"embeddable":true,"href":"https:\/\/www.die-finanz-app.de\/de\/wp-json\/wp\/v2\/comments?post=407"}],"version-history":[{"count":2,"href":"https:\/\/www.die-finanz-app.de\/de\/wp-json\/wp\/v2\/pages\/407\/revisions"}],"predecessor-version":[{"id":1872,"href":"https:\/\/www.die-finanz-app.de\/de\/wp-json\/wp\/v2\/pages\/407\/revisions\/1872"}],"wp:attachment":[{"href":"https:\/\/www.die-finanz-app.de\/de\/wp-json\/wp\/v2\/media?parent=407"}],"curies":[{"name":"wp","href":"https:\/\/api.w.org\/{rel}","templated":true}]}}